{"id":11316,"date":"2023-06-20T19:37:47","date_gmt":"2023-06-20T19:37:47","guid":{"rendered":"https:\/\/conwayoaksdental.com\/guardian-dental-insurance-plans\/"},"modified":"2026-04-21T14:13:35","modified_gmt":"2026-04-21T18:13:35","slug":"guardian-dental-insurance-plans","status":"publish","type":"page","link":"https:\/\/conwayoaksdental.com\/es\/guardian-dental-insurance-plans\/","title":{"rendered":"Planes de seguro dental Guardian"},"content":{"rendered":"<div id=\"cs-content\" class=\"cs-content\"><div class=\"x-section e11316-e1 m8qc-0 m8qc-1 m8qc-2 m8qc-5 hero_video\" style=\"--tco-dc8qc-1:rgb(0, 113, 149);--tco-dc8qc-4:rgb(0, 113, 149);\"><div class=\"x-bg\" aria-hidden=\"true\"><div class=\"x-bg-layer-lower-color\"><\/div><div class=\"x-bg-layer-upper-color\"><\/div><\/div><div class=\"x-row x-container max width e11316-e2 m8qc-6 m8qc-7 m8qc-8 m8qc-e m8qc-f\"><div class=\"x-row-inner\"><div class=\"x-col e11316-e3 m8qc-k m8qc-l m8qc-m m8qc-n m8qc-o\"><div class=\"x-div e11316-e4 m8qc-t\"><div class=\"x-text x-content e11316-e5 m8qc-u m8qc-v m8qc-w m8qc-x m8qc-y m8qc-z\"><p class=\"p9px txt_white\">Se Habla Espa\u00f1ol<\/p><\/div><div class=\"x-text x-content e11316-e6 m8qc-u m8qc-v m8qc-w m8qc-x m8qc-y m8qc-z\"><p class=\"p9px txt_white\">Citas de urgencia disponibles<\/p><\/div><\/div><div class=\"x-text x-content e11316-e7 m8qc-u m8qc-w m8qc-z m8qc-10\"><a class=\"x-image\" href=\"\/es\/homepage\/\" style=\"outline: none;\"><img sizes=\"(max-width: 960px) 100vw, 960px\" srcset=\"https:\/\/conwayoaksdental.com\/wp-content\/uploads\/sites\/8\/2025\/10\/GPI-0128-001_COD_White_960x227.png 960w, https:\/\/conwayoaksdental.com\/wp-content\/uploads\/sites\/8\/2025\/10\/GPI-0128-001_COD_White_960x227-300x71.png 300w, https:\/\/conwayoaksdental.com\/wp-content\/uploads\/sites\/8\/2025\/10\/GPI-0128-001_COD_White_960x227-768x182.png 768w, https:\/\/conwayoaksdental.com\/wp-content\/uploads\/sites\/8\/2025\/10\/GPI-0128-001_COD_White_960x227-18x4.png 18w, https:\/\/conwayoaksdental.com\/wp-content\/uploads\/sites\/8\/2025\/10\/GPI-0128-001_COD_White_960x227-100x24.png 100w\" decoding=\"async\" src=\"https:\/\/conwayoaksdental.com\/wp-content\/uploads\/sites\/8\/2025\/10\/GPI-0128-001_COD_White_960x227.png\" width=\"480\" height=\"114\" alt=\"Conway Oaks Dental Logo\" loading=\"lazy\"><\/a><\/div><\/div><\/div><\/div><div class=\"x-row x-container max width e11316-e8 m8qc-6 m8qc-8 m8qc-9 m8qc-e m8qc-g\"><div class=\"x-row-inner\"><div class=\"x-col e11316-e9 m8qc-k m8qc-m m8qc-n m8qc-o m8qc-p m8qc-q\"><div class=\"x-text x-content e11316-e10 m8qc-u m8qc-w m8qc-y m8qc-11 m8qc-12\"><h1 class=\"txt_white\">Guardi\u00e1n<sup>\u00ae<\/sup> Planes de seguro<\/h1><\/div><div class=\"x-text x-content e11316-e11 m8qc-u m8qc-w m8qc-z m8qc-10\"><p class=\"pdefault\"><a href=\"\/es\/insurances-we-accept\/#od_insuranceblock\" class=\"txt_white\">Volver a la p\u00e1gina de seguros<\/a><\/p><\/div><\/div><\/div><\/div><\/div><div class=\"x-section e11316-e12 m8qc-0 m8qc-3\" style=\"--tco-dc8qc-6:rgba(234, 232, 224, .7);--tco-dc8qc-9:rgba(234, 232, 224, .7);\"><div class=\"x-row x-container max width e11316-e13 m8qc-6 m8qc-8 m8qc-a m8qc-b m8qc-e m8qc-h\" style=\"--tco-dc8qc-c:rgb(255, 255, 255);--tco-dc8qc-f:rgb(255, 255, 255);\"><div class=\"x-row-inner\"><div class=\"x-col e11316-e14 m8qc-k m8qc-l m8qc-o m8qc-r\"><div class=\"x-text x-content e11316-e15 m8qc-u m8qc-w m8qc-z m8qc-11 m8qc-13\"><h2>Conway Oaks Dental acepta el siguiente tutor<sup>\u00ae<\/sup> Planes de seguro<\/h2><\/div><div class=\"x-text x-content e11316-e16 m8qc-u m8qc-v m8qc-w m8qc-z m8qc-14 m8qc-15\"><ul>\r\n\t<li class=\"ins_li\">DentalGuard Preferred <\/li>\r\n<\/ul>\r\n<\/div><div class=\"x-text x-content e11316-e17 m8qc-u m8qc-v m8qc-w m8qc-z m8qc-14\"><p class=\"pdefault\"><b>Si no encuentra su seguro aqu\u00ed, por favor <a href=\"\/es\/contact-us\/\">Contacto<\/a> para ayudarle m\u00e1s.<\/b> <i>Tenga en cuenta que actualmente no aceptamos Medicaid ni planes HMO.<\/i><\/p><\/div><div class=\"x-text x-content e11316-e18 m8qc-u m8qc-v m8qc-w m8qc-z m8qc-14\"><p class=\"pdefault\"><a href=\"\/es\/insurances-we-accept\/#od_insuranceblock\" class=\"txt_under\">Volver a la p\u00e1gina de seguros<\/a><\/p><\/div><\/div><\/div><\/div><div class=\"x-row x-container max width e11316-e19 m8qc-6 m8qc-8 m8qc-a m8qc-c m8qc-e m8qc-i\" style=\"--tco-dc8qc-i:rgb(255, 255, 255);--tco-dc8qc-l:rgb(255, 255, 255);--tco-dc8qc-o:rgb(255, 255, 255);\"><div class=\"x-row-inner\"><div class=\"x-col e11316-e20 m8qc-o m8qc-s\"><div class=\"x-text x-content e11316-e21 m8qc-u m8qc-v m8qc-14 m8qc-16\"><p class=\"pdefault\">Guardi\u00e1n<sup>\u00ae<\/sup> es una opci\u00f3n completa que combina accesibilidad a la red, amplia cobertura y asequibilidad. Con cobertura para servicios dentales preventivos, b\u00e1sicos y principales, Guardian<sup>\u00ae<\/sup> hace hincapi\u00e9 en la importancia de mantener una salud bucodental \u00f3ptima. Facilitan a los afiliados el acceso a cuidados dentales preventivos de calidad por su clara conexi\u00f3n con la salud general, as\u00ed como por el ahorro que supone evitar servicios y procedimientos dentales mayores en el futuro. Los planes incluyen prestaciones como la cobertura de revisiones rutinarias, limpiezas y radiograf\u00edas, dando prioridad a la atenci\u00f3n preventiva. Adem\u00e1s, Guardian<sup>\u00ae<\/sup> ofrece primas competitivas, lo que hace que el seguro dental sea asequible para una amplia gama de presupuestos.<\/p>\n<p class=\"pdefault\">Para m\u00e1s informaci\u00f3n, <a href=\"https:\/\/www.guardianlife.com\/\" target=\"_new\">haga clic aqu\u00ed para visitar su sitio web.<\/a><\/p><\/div><\/div><div class=\"x-col e11316-e22 m8qc-k m8qc-m m8qc-o m8qc-p\"><span class=\"x-image e11316-e23 m8qc-17\"><img decoding=\"async\" src=\"https:\/\/conwayoaksdental.com\/wp-content\/uploads\/sites\/8\/2023\/06\/guardian.png\" srcset=\"https:\/\/conwayoaksdental.com\/wp-content\/uploads\/sites\/8\/2023\/06\/guardian.png 500w, https:\/\/conwayoaksdental.com\/wp-content\/uploads\/sites\/8\/2023\/06\/guardian-300x58.png 300w, https:\/\/conwayoaksdental.com\/wp-content\/uploads\/sites\/8\/2023\/06\/guardian-100x19.png 100w\" sizes=\"(max-width: 500px) 100vw, 500px\" alt=\"Guardian logo with interlocking blue and green G symbol to the left of the word Guardian in bold, dark blue letters on a light background.\"><\/span><\/div><\/div><\/div><\/div><div class=\"x-section e11316-e24 m8qc-0 m8qc-1 m8qc-4\"><div class=\"x-row e11316-e25 m8qc-6 m8qc-d m8qc-e m8qc-j\"><div class=\"x-row-inner\"><div class=\"x-col e11316-e26 m8qc-o\"><div class=\"cs-content x-global-block x-global-block-11380 e11380-e0\"><div class=\"x-section e11380-e2 m8s4-0\" style=\"--tco-dc8s4-1:rgb(255, 255, 255);--tco-dc8s4-4:rgb(255, 255, 255);\"><div class=\"x-row x-container max width e11380-e3 m8s4-1 m8s4-2 m8s4-3\"><div class=\"x-row-inner\"><div class=\"x-col e11380-e4 m8s4-5 m8s4-6 m8s4-7\"><div class=\"x-text x-content e11380-e5 m8s4-a m8s4-b\"><h2>Opciones de pago flexibles<\/h2>\n<h3>Para una atenci\u00f3n dental de alta calidad en Orlando<\/h3><\/div><div class=\"x-text x-content e11380-e6 m8s4-a m8s4-c\"><p class=\"pdefault\">Para su comodidad, Conway Oaks Dental acepta:<\/p>\n\n<ul>\n \t<li class=\"pdefault\">Una amplia gama de planes de seguro dental PPO -<span>\u00a0<\/span><a href=\"\/es\/insurances-we-accept\/\" target=\"_self\"><b>pulse aqu\u00ed<\/b> para ver qu\u00e9 seguros aceptamos<\/a><\/li>\n \t<li class=\"pdefault\">Plan interno de descuentos y ofertas especiales para pacientes sin seguro m\u00e9dico<\/li>\n \t<li class=\"pdefault\">Efectivo y cheque<\/li>\n \t<li class=\"pdefault\">Todas las principales tarjetas de cr\u00e9dito, incluidas MasterCard, VISA, Discover, American Express, etc.<\/li>\n<\/ul>\n<p class=\"pdefault\"><b>NO aceptamos planes HMO ni Medicaid.<\/b><\/p><\/div><\/div><div class=\"x-col e11380-e7 m8s4-5 m8s4-8 m8s4-9\"><a class=\"x-image e11380-e8 m8s4-e\" href=\"https:\/\/apply.sunbit.com\/ConwayOaksDental\" target=\"_blank\" rel=\"noopener noreferrer\"><img decoding=\"async\" src=\"https:\/\/conwayoaksdental.com\/wp-content\/uploads\/sites\/8\/2025\/11\/Dntl_Web_600x500-1.png\" srcset=\"https:\/\/conwayoaksdental.com\/wp-content\/uploads\/sites\/8\/2025\/11\/Dntl_Web_600x500-1.png 600w, https:\/\/conwayoaksdental.com\/wp-content\/uploads\/sites\/8\/2025\/11\/Dntl_Web_600x500-1-300x250.png 300w, https:\/\/conwayoaksdental.com\/wp-content\/uploads\/sites\/8\/2025\/11\/Dntl_Web_600x500-1-14x12.png 14w, https:\/\/conwayoaksdental.com\/wp-content\/uploads\/sites\/8\/2025\/11\/Dntl_Web_600x500-1-100x83.png 100w\" sizes=\"(max-width: 600px) 100vw, 600px\" alt=\"Smile now, Pay-over-time with sunbit\"><\/a><\/div><\/div><\/div><\/div><\/div><\/div><\/div><\/div><\/div><\/div>","protected":false},"excerpt":{"rendered":"<p>Los planes de seguro Conway Oaks Dental acepta. \u00a1Llame al 407-277-0981 hoy para programar su cita con nuestros dentistas cualificados y de confianza!<\/p>","protected":false},"author":1,"featured_media":0,"parent":0,"menu_order":0,"comment_status":"closed","ping_status":"closed","template":"template-blank-4.php","meta":{"footnotes":""},"class_list":["post-11316","page","type-page","status-publish","hentry","no-post-thumbnail"],"aioseo_notices":[],"aioseo_head":"\n\t\t<!-- All in One SEO Pro 4.9.5.1 - aioseo.com -->\n\t<meta name=\"description\" content=\"The insurance plans Conway Oaks Dental accepts. Call 407-277-0981 today to schedule your appointment with our skilled and trusted dentists!\" \/>\n\t<meta name=\"robots\" content=\"max-image-preview:large\" \/>\n\t<link rel=\"canonical\" href=\"https:\/\/conwayoaksdental.com\/es\/guardian-dental-insurance-plans\/\" \/>\n\t<meta name=\"generator\" content=\"All in One SEO Pro (AIOSEO) 4.9.5.1\" \/>\n\t\t<meta property=\"og:locale\" content=\"es_ES\" \/>\n\t\t<meta property=\"og:site_name\" content=\"Conway Oaks Dental - Experienced, highly-reviewed dentist near me for all your dental needs in Orlando, Florida. Contact Conway Oaks Dental at 407-277-0981 to schedule an appointment today!\" \/>\n\t\t<meta property=\"og:type\" content=\"article\" \/>\n\t\t<meta property=\"og:title\" content=\"Guardian Dental Insurance Plans - Conway Oaks Dental - Orlando Dentist Near You\" \/>\n\t\t<meta property=\"og:description\" content=\"The insurance plans Conway Oaks Dental accepts. Call 407-277-0981 today to schedule your appointment with our skilled and trusted dentists!\" \/>\n\t\t<meta property=\"og:url\" content=\"https:\/\/conwayoaksdental.com\/es\/guardian-dental-insurance-plans\/\" \/>\n\t\t<meta property=\"og:image\" content=\"https:\/\/conwayoaksdental.com\/wp-content\/uploads\/sites\/8\/2023\/11\/COD.jpg\" \/>\n\t\t<meta property=\"og:image:secure_url\" content=\"https:\/\/conwayoaksdental.com\/wp-content\/uploads\/sites\/8\/2023\/11\/COD.jpg\" \/>\n\t\t<meta property=\"og:image:width\" content=\"1200\" \/>\n\t\t<meta property=\"og:image:height\" content=\"630\" \/>\n\t\t<meta property=\"article:published_time\" content=\"2023-06-20T19:37:47+00:00\" \/>\n\t\t<meta property=\"article:modified_time\" content=\"2026-04-21T18:13:35+00:00\" \/>\n\t\t<meta name=\"twitter:card\" content=\"summary\" \/>\n\t\t<meta name=\"twitter:title\" content=\"Guardian Dental Insurance Plans - Conway Oaks Dental - Orlando Dentist Near You\" \/>\n\t\t<meta name=\"twitter:description\" content=\"The insurance plans Conway Oaks Dental accepts. Call 407-277-0981 today to schedule your appointment with our skilled and trusted dentists!\" \/>\n\t\t<meta name=\"twitter:image\" content=\"https:\/\/conwayoaksdental.com\/wp-content\/uploads\/sites\/8\/2023\/11\/COD.jpg\" \/>\n\t\t<script type=\"application\/ld+json\" class=\"aioseo-schema\">\n\t\t\t{\"@context\":\"https:\\\/\\\/schema.org\",\"@graph\":[{\"@type\":\"BreadcrumbList\",\"@id\":\"https:\\\/\\\/conwayoaksdental.com\\\/es\\\/guardian-dental-insurance-plans\\\/#breadcrumblist\",\"itemListElement\":[{\"@type\":\"ListItem\",\"@id\":\"https:\\\/\\\/conwayoaksdental.com\\\/es#listItem\",\"position\":1,\"name\":\"Home\",\"item\":\"https:\\\/\\\/conwayoaksdental.com\\\/es\",\"nextItem\":{\"@type\":\"ListItem\",\"@id\":\"https:\\\/\\\/conwayoaksdental.com\\\/es\\\/guardian-dental-insurance-plans\\\/#listItem\",\"name\":\"Guardian Dental Insurance Plans\"}},{\"@type\":\"ListItem\",\"@id\":\"https:\\\/\\\/conwayoaksdental.com\\\/es\\\/guardian-dental-insurance-plans\\\/#listItem\",\"position\":2,\"name\":\"Guardian Dental Insurance Plans\",\"previousItem\":{\"@type\":\"ListItem\",\"@id\":\"https:\\\/\\\/conwayoaksdental.com\\\/es#listItem\",\"name\":\"Home\"}}]},{\"@type\":\"Organization\",\"@id\":\"https:\\\/\\\/conwayoaksdental.com\\\/es\\\/#organization\",\"name\":\"Conway Oaks Dental\",\"description\":\"Experienced, highly-reviewed dentist near me for all your dental needs in Orlando, Florida. Contact Conway Oaks Dental at 407-277-0981 to schedule an appointment today!\",\"url\":\"https:\\\/\\\/conwayoaksdental.com\\\/es\\\/\",\"email\":\"info@conwayoaksdental.com\",\"telephone\":\"+14072770981\",\"logo\":{\"@type\":\"ImageObject\",\"url\":\"https:\\\/\\\/master.operationdental.com\\\/wp-content\\\/uploads\\\/2021\\\/12\\\/conway_logo_750.png\",\"@id\":\"https:\\\/\\\/conwayoaksdental.com\\\/es\\\/guardian-dental-insurance-plans\\\/#organizationLogo\"},\"image\":{\"@id\":\"https:\\\/\\\/conwayoaksdental.com\\\/es\\\/guardian-dental-insurance-plans\\\/#organizationLogo\"},\"address\":{\"@id\":\"https:\\\/\\\/conwayoaksdental.com\\\/es\\\/#postaladdress\",\"@type\":\"PostalAddress\",\"streetAddress\":\"3221 S. Conway Road, Suite A & C,\",\"postalCode\":\"32812\",\"addressLocality\":\"Orlando\",\"addressRegion\":\"Florida\",\"addressCountry\":\"US\"}},{\"@type\":\"WebPage\",\"@id\":\"https:\\\/\\\/conwayoaksdental.com\\\/es\\\/guardian-dental-insurance-plans\\\/#webpage\",\"url\":\"https:\\\/\\\/conwayoaksdental.com\\\/es\\\/guardian-dental-insurance-plans\\\/\",\"name\":\"Guardian Dental Insurance Plans - Conway Oaks Dental - Orlando Dentist Near You\",\"description\":\"The insurance plans Conway Oaks Dental accepts. Call 407-277-0981 today to schedule your appointment with our skilled and trusted dentists!\",\"inLanguage\":\"es-ES\",\"isPartOf\":{\"@id\":\"https:\\\/\\\/conwayoaksdental.com\\\/es\\\/#website\"},\"breadcrumb\":{\"@id\":\"https:\\\/\\\/conwayoaksdental.com\\\/es\\\/guardian-dental-insurance-plans\\\/#breadcrumblist\"},\"datePublished\":\"2023-06-20T19:37:47-04:00\",\"dateModified\":\"2026-04-21T14:13:35-04:00\"},{\"@type\":\"WebSite\",\"@id\":\"https:\\\/\\\/conwayoaksdental.com\\\/es\\\/#website\",\"url\":\"https:\\\/\\\/conwayoaksdental.com\\\/es\\\/\",\"name\":\"Conway Oaks Dental\",\"description\":\"Experienced, highly-reviewed dentist near me for all your dental needs in Orlando, Florida. Contact Conway Oaks Dental at 407-277-0981 to schedule an appointment today!\",\"inLanguage\":\"es-ES\",\"publisher\":{\"@id\":\"https:\\\/\\\/conwayoaksdental.com\\\/es\\\/#organization\"}}]}\n\t\t<\/script>\n\t\t<!-- All in One SEO Pro -->\r\n\t\t<title>Guardian Dental Insurance Plans - Conway Oaks Dental - Orlando Dentist Near You<\/title>\n\n","aioseo_head_json":{"title":"Guardian Dental Insurance Plans - Conway Oaks Dental - Dentista en Orlando cerca de usted","description":"Los planes de seguro Conway Oaks Dental acepta. \u00a1Llame al 407-277-0981 hoy para programar su cita con nuestros dentistas cualificados y de confianza!","canonical_url":"https:\/\/conwayoaksdental.com\/es\/guardian-dental-insurance-plans\/","robots":"max-image-preview:large","keywords":"","webmasterTools":{"miscellaneous":""},"schema":{"@context":"https:\/\/schema.org","@graph":[{"@type":"BreadcrumbList","@id":"https:\/\/conwayoaksdental.com\/es\/guardian-dental-insurance-plans\/#breadcrumblist","itemListElement":[{"@type":"ListItem","@id":"https:\/\/conwayoaksdental.com\/es#listItem","position":1,"name":"Home","item":"https:\/\/conwayoaksdental.com\/es","nextItem":{"@type":"ListItem","@id":"https:\/\/conwayoaksdental.com\/es\/guardian-dental-insurance-plans\/#listItem","name":"Guardian Dental Insurance Plans"}},{"@type":"ListItem","@id":"https:\/\/conwayoaksdental.com\/es\/guardian-dental-insurance-plans\/#listItem","position":2,"name":"Guardian Dental Insurance Plans","previousItem":{"@type":"ListItem","@id":"https:\/\/conwayoaksdental.com\/es#listItem","name":"Home"}}]},{"@type":"Organization","@id":"https:\/\/conwayoaksdental.com\/es\/#organization","name":"Conway Oaks Dental","description":"Experienced, highly-reviewed dentist near me for all your dental needs in Orlando, Florida. Contact Conway Oaks Dental at 407-277-0981 to schedule an appointment today!","url":"https:\/\/conwayoaksdental.com\/es\/","email":"info@conwayoaksdental.com","telephone":"+14072770981","logo":{"@type":"ImageObject","url":"https:\/\/master.operationdental.com\/wp-content\/uploads\/2021\/12\/conway_logo_750.png","@id":"https:\/\/conwayoaksdental.com\/es\/guardian-dental-insurance-plans\/#organizationLogo"},"image":{"@id":"https:\/\/conwayoaksdental.com\/es\/guardian-dental-insurance-plans\/#organizationLogo"},"address":{"@id":"https:\/\/conwayoaksdental.com\/es\/#postaladdress","@type":"PostalAddress","streetAddress":"3221 S. Conway Road, Suite A & C,","postalCode":"32812","addressLocality":"Orlando","addressRegion":"Florida","addressCountry":"US"}},{"@type":"WebPage","@id":"https:\/\/conwayoaksdental.com\/es\/guardian-dental-insurance-plans\/#webpage","url":"https:\/\/conwayoaksdental.com\/es\/guardian-dental-insurance-plans\/","name":"Guardian Dental Insurance Plans - Conway Oaks Dental - Orlando Dentist Near You","description":"The insurance plans Conway Oaks Dental accepts. Call 407-277-0981 today to schedule your appointment with our skilled and trusted dentists!","inLanguage":"es-ES","isPartOf":{"@id":"https:\/\/conwayoaksdental.com\/es\/#website"},"breadcrumb":{"@id":"https:\/\/conwayoaksdental.com\/es\/guardian-dental-insurance-plans\/#breadcrumblist"},"datePublished":"2023-06-20T19:37:47-04:00","dateModified":"2026-04-21T14:13:35-04:00"},{"@type":"WebSite","@id":"https:\/\/conwayoaksdental.com\/es\/#website","url":"https:\/\/conwayoaksdental.com\/es\/","name":"Conway Oaks Dental","description":"Experienced, highly-reviewed dentist near me for all your dental needs in Orlando, Florida. Contact Conway Oaks Dental at 407-277-0981 to schedule an appointment today!","inLanguage":"es-ES","publisher":{"@id":"https:\/\/conwayoaksdental.com\/es\/#organization"}}]},"og:locale":"es_ES","og:site_name":"Conway Oaks Dental - Experienced, highly-reviewed dentist near me for all your dental needs in Orlando, Florida. Contact Conway Oaks Dental at 407-277-0981 to schedule an appointment today!","og:type":"article","og:title":"Guardian Dental Insurance Plans - Conway Oaks Dental - Orlando Dentist Near You","og:description":"The insurance plans Conway Oaks Dental accepts. Call 407-277-0981 today to schedule your appointment with our skilled and trusted dentists!","og:url":"https:\/\/conwayoaksdental.com\/es\/guardian-dental-insurance-plans\/","og:image":"https:\/\/conwayoaksdental.com\/wp-content\/uploads\/sites\/8\/2023\/11\/COD.jpg","og:image:secure_url":"https:\/\/conwayoaksdental.com\/wp-content\/uploads\/sites\/8\/2023\/11\/COD.jpg","og:image:width":1200,"og:image:height":630,"article:published_time":"2023-06-20T19:37:47+00:00","article:modified_time":"2026-04-21T18:13:35+00:00","twitter:card":"summary","twitter:title":"Guardian Dental Insurance Plans - Conway Oaks Dental - Orlando Dentist Near You","twitter:description":"The insurance plans Conway Oaks Dental accepts. Call 407-277-0981 today to schedule your appointment with our skilled and trusted dentists!","twitter:image":"https:\/\/conwayoaksdental.com\/wp-content\/uploads\/sites\/8\/2023\/11\/COD.jpg"},"aioseo_meta_data":{"post_id":"11316","title":null,"description":null,"keywords":null,"keyphrases":null,"primary_term":null,"canonical_url":null,"og_title":null,"og_description":null,"og_object_type":"default","og_image_type":"default","og_image_url":null,"og_image_width":null,"og_image_height":null,"og_image_custom_url":null,"og_image_custom_fields":null,"og_video":null,"og_custom_url":null,"og_article_section":null,"og_article_tags":null,"twitter_use_og":false,"twitter_card":"default","twitter_image_type":"default","twitter_image_url":null,"twitter_image_custom_url":null,"twitter_image_custom_fields":null,"twitter_title":null,"twitter_description":null,"schema":{"blockGraphs":[],"customGraphs":[],"default":{"data":{"Article":[],"Course":[],"Dataset":[],"FAQPage":[],"Movie":[],"Person":[],"Product":[],"ProductReview":[],"Car":[],"Recipe":[],"Service":[],"SoftwareApplication":[],"WebPage":[]},"graphName":"","isEnabled":true},"graphs":[]},"schema_type":"default","schema_type_options":null,"pillar_content":false,"robots_default":true,"robots_noindex":false,"robots_noarchive":false,"robots_nosnippet":false,"robots_nofollow":false,"robots_noimageindex":false,"robots_noodp":false,"robots_notranslate":false,"robots_max_snippet":null,"robots_max_videopreview":null,"robots_max_imagepreview":"large","priority":null,"frequency":null,"local_seo":null,"seo_analyzer_scan_date":"2026-04-21 18:40:46","breadcrumb_settings":null,"limit_modified_date":false,"reviewed_by":null,"open_ai":null,"ai":null,"created":"2023-10-18 17:13:29","updated":"2026-04-21 19:14:42"},"aioseo_breadcrumb":"<div class=\"aioseo-breadcrumbs\"><span class=\"aioseo-breadcrumb\">\n\t<a href=\"https:\/\/conwayoaksdental.com\/es\" title=\"Home\">Home<\/a>\n<\/span><span class=\"aioseo-breadcrumb-separator\">\u00bb<\/span><span class=\"aioseo-breadcrumb\">\n\tGuardian Dental Insurance Plans\n<\/span><\/div>","aioseo_breadcrumb_json":[{"label":"Home","link":"https:\/\/conwayoaksdental.com\/es"},{"label":"Guardian Dental Insurance Plans","link":"https:\/\/conwayoaksdental.com\/es\/guardian-dental-insurance-plans\/"}],"_links":{"self":[{"href":"https:\/\/conwayoaksdental.com\/es\/wp-json\/wp\/v2\/pages\/11316","targetHints":{"allow":["GET"]}}],"collection":[{"href":"https:\/\/conwayoaksdental.com\/es\/wp-json\/wp\/v2\/pages"}],"about":[{"href":"https:\/\/conwayoaksdental.com\/es\/wp-json\/wp\/v2\/types\/page"}],"author":[{"embeddable":true,"href":"https:\/\/conwayoaksdental.com\/es\/wp-json\/wp\/v2\/users\/1"}],"replies":[{"embeddable":true,"href":"https:\/\/conwayoaksdental.com\/es\/wp-json\/wp\/v2\/comments?post=11316"}],"version-history":[{"count":0,"href":"https:\/\/conwayoaksdental.com\/es\/wp-json\/wp\/v2\/pages\/11316\/revisions"}],"wp:attachment":[{"href":"https:\/\/conwayoaksdental.com\/es\/wp-json\/wp\/v2\/media?parent=11316"}],"curies":[{"name":"wp","href":"https:\/\/api.w.org\/{rel}","templated":true}]}}