{"id":11322,"date":"2020-08-26T13:06:17","date_gmt":"2020-08-26T13:06:17","guid":{"rendered":"https:\/\/conwayoaksdental.com\/inhouse-discount-plan\/"},"modified":"2026-04-21T14:36:39","modified_gmt":"2026-04-21T18:36:39","slug":"inhouse-discount-plan","status":"publish","type":"page","link":"https:\/\/conwayoaksdental.com\/es\/inhouse-discount-plan\/","title":{"rendered":"Plan de descuentos internos"},"content":{"rendered":"<div id=\"cs-content\" class=\"cs-content\"><div class=\"x-section e11322-e1 m8qi-0 m8qi-1 m8qi-2 m8qi-6 hero_video\"><div class=\"x-bg\"><div class=\"x-bg-layer-lower-img\"><img sizes=\"(max-width: 1300px) 100vw, 1300px\" srcset=\"https:\/\/conwayoaksdental.com\/wp-content\/uploads\/sites\/8\/2021\/08\/Family.jpg 1300w, https:\/\/conwayoaksdental.com\/wp-content\/uploads\/sites\/8\/2021\/08\/Family-300x208.jpg 300w, https:\/\/conwayoaksdental.com\/wp-content\/uploads\/sites\/8\/2021\/08\/Family-1024x709.jpg 1024w, https:\/\/conwayoaksdental.com\/wp-content\/uploads\/sites\/8\/2021\/08\/Family-768x532.jpg 768w, https:\/\/conwayoaksdental.com\/wp-content\/uploads\/sites\/8\/2021\/08\/Family-100x69.jpg 100w\" decoding=\"async\" src=\"\/wp-content\/uploads\/2021\/08\/Family.jpg\" alt=\"A smiling woman and man sit on a couch playing video games with controllers, while a young girl behind them cheers with her arms raised, all appearing happy and excited in a bright living room.\"\/><\/div><div class=\"x-bg-layer-upper-color\" aria-hidden=\"true\"><\/div><\/div><div class=\"x-row x-container max width e11322-e2 m8qi-7 m8qi-8 m8qi-9 m8qi-k m8qi-l\"><div class=\"x-row-inner\"><div class=\"x-col e11322-e3 m8qi-t m8qi-u m8qi-v m8qi-w m8qi-x m8qi-y\"><div class=\"x-div e11322-e4 m8qi-17\"><div class=\"x-text x-content e11322-e5 m8qi-18 m8qi-19 m8qi-1a m8qi-1b m8qi-1c m8qi-1d m8qi-1e m8qi-1f\"><p class=\"p9px txt_white\">Se Habla Espa\u00f1ol<\/p><\/div><div class=\"x-text x-content e11322-e6 m8qi-18 m8qi-19 m8qi-1a m8qi-1b m8qi-1c m8qi-1d m8qi-1e m8qi-1f\"><p class=\"p9px txt_white\">Citas de urgencia disponibles<\/p><\/div><\/div><div class=\"x-text x-content e11322-e7 m8qi-18 m8qi-1a m8qi-1c m8qi-1d m8qi-1f m8qi-1g\"><a class=\"x-image\" href=\"\/es\/homepage\/\" style=\"outline: none;\"><img sizes=\"(max-width: 960px) 100vw, 960px\" srcset=\"https:\/\/conwayoaksdental.com\/wp-content\/uploads\/sites\/8\/2025\/10\/GPI-0128-001_COD_White_960x227.png 960w, https:\/\/conwayoaksdental.com\/wp-content\/uploads\/sites\/8\/2025\/10\/GPI-0128-001_COD_White_960x227-300x71.png 300w, https:\/\/conwayoaksdental.com\/wp-content\/uploads\/sites\/8\/2025\/10\/GPI-0128-001_COD_White_960x227-768x182.png 768w, https:\/\/conwayoaksdental.com\/wp-content\/uploads\/sites\/8\/2025\/10\/GPI-0128-001_COD_White_960x227-18x4.png 18w, https:\/\/conwayoaksdental.com\/wp-content\/uploads\/sites\/8\/2025\/10\/GPI-0128-001_COD_White_960x227-100x24.png 100w\" decoding=\"async\" src=\"https:\/\/conwayoaksdental.com\/wp-content\/uploads\/sites\/8\/2025\/10\/GPI-0128-001_COD_White_960x227.png\" width=\"480\" height=\"114\" alt=\"Conway Oaks Dental Logo\" loading=\"lazy\"><\/a><\/div><\/div><\/div><\/div><div class=\"x-row x-container max width e11322-e8 m8qi-7 m8qi-a m8qi-k m8qi-m\"><div class=\"x-row-inner\"><div class=\"x-col e11322-e9 m8qi-t m8qi-v m8qi-x m8qi-y m8qi-z m8qi-10\"><div class=\"x-text x-content e11322-e10 m8qi-18 m8qi-1a m8qi-1c m8qi-1d m8qi-1e m8qi-1h m8qi-1i\"><h1 class=\"txt_white\">Cobertura dental para usted y toda su familia<\/h1><\/div><\/div><\/div><\/div><\/div><div class=\"x-section e11322-e11 m8qi-0 m8qi-2 m8qi-3 m8qi-4\" style=\"--tco-dc8qi-1:rgba(234, 232, 224, .7);--tco-dc8qi-4:rgba(234, 232, 224, .7);\"><div class=\"x-row x-container max width e11322-e12 m8qi-7 m8qi-b m8qi-c m8qi-d m8qi-e m8qi-k m8qi-n\" style=\"--tco-dc8qi-7:rgb(255, 255, 255);--tco-dc8qi-a:rgb(255, 255, 255);--tco-dc8qi-d:rgb(255, 255, 255);\"><div class=\"x-row-inner\"><div class=\"x-col e11322-e13 m8qi-t m8qi-u m8qi-x m8qi-y m8qi-11 m8qi-12\"><div class=\"x-text x-content e11322-e14 m8qi-18 m8qi-1h m8qi-1j m8qi-1k m8qi-1l m8qi-1m m8qi-1n m8qi-1o\"><h2>En Conway Oaks Dental, queremos ofrecer un cuidado dental c\u00f3modo y de alta calidad a todo el mundo.<\/h2><\/div><div class=\"x-text x-content e11322-e15 m8qi-18 m8qi-19 m8qi-1j m8qi-1l m8qi-1m m8qi-1n m8qi-1o m8qi-1p\"><p class=\"pdefault\">Los pacientes sin seguro a\u00fan pueden ahorrar en nuestros excelentes servicios odontol\u00f3gicos generales, preventivos y est\u00e9ticos.<\/p>\n<p class=\"pdefault\">Por eso ofrecemos un plan interno de descuentos. El plan incluye el mismo cuidado dental profesional superior que usted espera mientras que goza de ahorros significativos en procedimientos dentales regulares. Ofreciendo descuentos entre <b>10 a 20%<\/b>\u00a0en la mayor\u00eda de los procedimientos dentales, desde limpiezas dentales hasta empastes.<\/p><\/div><\/div><div class=\"x-col e11322-e16 m8qi-t m8qi-v m8qi-x m8qi-z m8qi-13 m8qi-14\"><div class=\"x-bg\"><div class=\"x-bg-layer-lower-img\"><img decoding=\"async\" src=\"\/wp-content\/uploads\/2021\/12\/master_spl_InHouse.jpg\" alt=\"A smiling couple sits close together on a couch, sharing a pair of earphones and looking at a smartphone, enjoying music or a video in a cozy living room setting.\"\/><\/div><\/div><\/div><\/div><\/div><div class=\"x-row x-container max width e11322-e17 m8qi-7 m8qi-9 m8qi-b m8qi-e m8qi-f m8qi-k m8qi-o\" style=\"--tco-dc8qi-g:rgb(0, 113, 149);--tco-dc8qi-j:rgb(0, 113, 149);--tco-dc8qi-m:rgb(0, 113, 149);\"><div class=\"x-row-inner\"><div class=\"x-col e11322-e18 m8qi-t m8qi-v m8qi-x m8qi-y m8qi-z m8qi-15\"><div class=\"x-text x-content e11322-e19 m8qi-18 m8qi-1e m8qi-1h m8qi-1j m8qi-1k m8qi-1l m8qi-1m m8qi-1o\"><h2 class=\"txt_white\">\u00bfNo tiene seguro dental?<\/h2>\n<h3 class=\"txt_white\">No hay problema.<\/h3><\/div><\/div><div class=\"x-col e11322-e20 m8qi-t m8qi-v m8qi-x m8qi-z m8qi-12 m8qi-16\" style=\"--tco-dc8qi-p:rgb(255, 255, 255);\"><div class=\"x-text x-content e11322-e21 m8qi-18 m8qi-19 m8qi-1a m8qi-1d m8qi-1e m8qi-1l m8qi-1p m8qi-1q m8qi-1r\"><p class=\"pdefault brand_color\"><b>Planes para adultos desde<\/b><\/p><\/div><div class=\"x-counter e11322-e22 m8qi-1u\" style=\"--tco-dc8qi-r:rgb(93, 189, 119);\" data-x-element-counter=\"{&quot;to&quot;:&quot;12.50&quot;,&quot;speed&quot;:&quot;2s&quot;,&quot;commaSeparatedDecimal&quot;:false}\"><div class=\"x-counter-number-wrap\"><span class=\"x-counter-number-prefix\">$<\/span><span class=\"x-counter-number\">100.00<\/span><\/div><\/div><div class=\"x-text x-content e11322-e23 m8qi-18 m8qi-19 m8qi-1a m8qi-1d m8qi-1e m8qi-1f m8qi-1l m8qi-1p m8qi-1r\"><p class=\"pdefault brand_color\"><b>al mes!*<\/b><\/p><\/div><div class=\"x-text x-content e11322-e24 m8qi-18 m8qi-19 m8qi-1a m8qi-1d m8qi-1e m8qi-1f m8qi-1l m8qi-1p m8qi-1r\"><p class=\"p8px\">*Conway Oaks Dental ofrece el plan de descuento interno s\u00f3lo a pacientes sin seguro dental. No puede ser combinado con seguro dental. El plan se factura anualmente, por lo que el costo \"tan bajo como\" es un desglose mensual de esa cuota anual.<\/p><\/div><\/div><\/div><\/div><div class=\"x-row x-container max width e11322-e25 m8qi-7 m8qi-b m8qi-c m8qi-g m8qi-k m8qi-p\" style=\"--tco-dc8qi-t:rgb(0, 113, 149);--tco-dc8qi-w:rgb(0, 113, 149);\"><div class=\"x-row-inner\"><div class=\"x-col e11322-e26 m8qi-t m8qi-v m8qi-x m8qi-y m8qi-z m8qi-12\"><div class=\"x-text x-content e11322-e27 m8qi-18 m8qi-1d m8qi-1e m8qi-1h m8qi-1j m8qi-1k m8qi-1l m8qi-1q\"><h3 class=\"txt_white\">P\u00f3ngase en contacto con nosotros hoy mismo para inscribirse en nuestro plan de descuentos internos.<\/h3><\/div><div class=\"x-text x-content e11322-e28 m8qi-18 m8qi-19 m8qi-1d m8qi-1e m8qi-1j m8qi-1l m8qi-1p m8qi-1q\"><p class=\"pdefault txt_white\">Con este plan de descuentos, garantizar\u00e1 la salud de su sonrisa y ahorrar\u00e1 dinero. Nos encantar\u00eda responder a cualquiera de sus preguntas.<\/p><\/div><\/div><\/div><\/div><\/div><div class=\"x-section e11322-e29 m8qi-0 m8qi-3 m8qi-5\" style=\"--tco-dc8qi-z:rgba(234, 232, 224, .7);--tco-dc8qi-12:rgba(234, 232, 224, .7);\"><div class=\"x-row x-container max width e11322-e30 m8qi-7 m8qi-b m8qi-c m8qi-e m8qi-h m8qi-k m8qi-q\" style=\"--tco-dc8qi-15:rgb(255, 255, 255);--tco-dc8qi-18:rgb(255, 255, 255);--tco-dc8qi-1b:rgb(255, 255, 255);\"><div class=\"x-row-inner\"><div class=\"x-col e11322-e31 m8qi-t m8qi-u m8qi-x m8qi-y m8qi-11 m8qi-12\"><div class=\"x-text x-content e11322-e32 m8qi-18 m8qi-1a m8qi-1d m8qi-1h m8qi-1k m8qi-1l m8qi-1n m8qi-1q\"><h2>C\u00f3mo funciona el plan de descuentos internos<\/h2><\/div><div class=\"x-text x-content e11322-e33 m8qi-18 m8qi-19 m8qi-1d m8qi-1j m8qi-1l m8qi-1p m8qi-1s\"><p class=\"pdefault\"><strong>Podr\u00e1 acogerse a este plan tanto si es un paciente nuevo como si ya lo es, siempre que no tenga un seguro dental.<\/strong><\/p>\n<p class=\"pdefault\"><b>Puedes inscribirte en el plan en la oficina,<\/b> y sus prestaciones ser\u00e1n v\u00e1lidas durante todo un a\u00f1o. Nos ocupamos de todos los detalles para que pueda disfrutar de una sonrisa sin preocupaciones.<\/p><\/div><\/div><div class=\"x-col e11322-e34 m8qi-x m8qi-y m8qi-14\"><div class=\"x-bg\"><div class=\"x-bg-layer-lower-img\"><img decoding=\"async\" src=\"https:\/\/conwayoaksdental.com\/wp-content\/uploads\/sites\/8\/2021\/04\/HCD_paymentPlan4.jpg\" srcset=\"https:\/\/conwayoaksdental.com\/wp-content\/uploads\/sites\/8\/2021\/04\/HCD_paymentPlan4.jpg 880w, https:\/\/conwayoaksdental.com\/wp-content\/uploads\/sites\/8\/2021\/04\/HCD_paymentPlan4-300x259.jpg 300w, https:\/\/conwayoaksdental.com\/wp-content\/uploads\/sites\/8\/2021\/04\/HCD_paymentPlan4-768x663.jpg 768w, https:\/\/conwayoaksdental.com\/wp-content\/uploads\/sites\/8\/2021\/04\/HCD_paymentPlan4-100x86.jpg 100w\" sizes=\"(max-width: 880px) 100vw, 880px\" alt=\"A smiling couple stands close together outside a house with gray siding and a yellow door, looking happy and relaxed in the daylight.\"\/><\/div><\/div><\/div><\/div><\/div><div class=\"x-row x-container max width e11322-e35 m8qi-7 m8qi-b m8qi-c m8qi-i m8qi-k m8qi-r\" style=\"--tco-dc8qi-1e:rgb(255, 255, 255);--tco-dc8qi-1h:rgb(255, 255, 255);\"><div class=\"x-row-inner\"><div class=\"x-col e11322-e36 m8qi-t m8qi-u m8qi-x m8qi-y m8qi-11 m8qi-12 m8qi-15\"><div class=\"x-text x-content e11322-e37 m8qi-18 m8qi-1d m8qi-1h m8qi-1j m8qi-1k m8qi-1l m8qi-1o\"><h3>Las ventajas del plan de descuento interno incluyen:<\/h3><\/div><div class=\"x-text x-content e11322-e38 m8qi-18 m8qi-19 m8qi-1a m8qi-1d m8qi-1f m8qi-1l m8qi-1n m8qi-1p m8qi-1t\"><ul>\n<li>No hay prestaciones m\u00e1ximas anuales individuales o familiares permitidas<\/li>\n<li>Sin franquicias<\/li>\n<li>No hay que rellenar ni enviar formularios de reclamaci\u00f3n al seguro<\/li>\n<li>Sin limitaciones del seguro para tratamientos preexistentes<\/li>\n<li>Sin requisitos de autorizaci\u00f3n previa<\/li>\n<li>No se deniega la cobertura a los pacientes sin seguro<\/li>\n<li>Sin gastos ocultos<\/li>\n<li>Admisibilidad inmediata sin periodos de espera<\/li>\n<li>Excelente atenci\u00f3n dental con importantes descuentos<\/li>\n<\/ul><\/div><\/div><\/div><\/div><div class=\"x-row x-container max width e11322-e39 m8qi-7 m8qi-b m8qi-c m8qi-j m8qi-k m8qi-s\" style=\"--tco-dc8qi-1k:rgb(0, 113, 149);--tco-dc8qi-1n:rgb(0, 113, 149);\"><div class=\"x-row-inner\"><div class=\"x-col e11322-e40 m8qi-t m8qi-v m8qi-x m8qi-y m8qi-z m8qi-12\"><div class=\"x-text x-content e11322-e41 m8qi-18 m8qi-1a m8qi-1d m8qi-1e m8qi-1h m8qi-1k m8qi-1l m8qi-1q\"><h3 class=\"txt_white\">\u00bfEst\u00e1 listo para inscribirse o quiere saber m\u00e1s sobre c\u00f3mo puede ahorrar con el plan de descuentos internos?<\/h3><\/div><div class=\"x-text x-content e11322-e42 m8qi-18 m8qi-1a m8qi-1d m8qi-1e m8qi-1h m8qi-1k m8qi-1l m8qi-1q\"><h3 class=\"txt_white\">P\u00f3ngase en contacto con nosotros hoy mismo.<\/h3><\/div><\/div><\/div><\/div><\/div><\/div>","protected":false},"excerpt":{"rendered":"<p>\u00bfNo tiene seguro? No hay problema. Plan de descuento dental en Orlando, Florida. \u00a1P\u00f3ngase en contacto con Conway Oaks Dental en 407-277-0981 para obtener ayuda ahora!<\/p>","protected":false},"author":2,"featured_media":0,"parent":0,"menu_order":0,"comment_status":"closed","ping_status":"closed","template":"template-blank-4.php","meta":{"footnotes":""},"class_list":["post-11322","page","type-page","status-publish","hentry","no-post-thumbnail"],"aioseo_notices":[],"aioseo_head":"\n\t\t<!-- All in One SEO Pro 4.9.6.2 - aioseo.com -->\n\t<meta name=\"description\" content=\"No insurance? No problem! In-house dental discount plan in Orlando, Florida. Contact Conway Oaks Dental at 407-277-0981 to get help now!\" \/>\n\t<meta name=\"robots\" content=\"max-image-preview:large\" \/>\n\t<link rel=\"canonical\" href=\"https:\/\/conwayoaksdental.com\/es\/inhouse-discount-plan\/\" \/>\n\t<meta name=\"generator\" content=\"All in One SEO Pro (AIOSEO) 4.9.6.2\" \/>\n\t\t<meta property=\"og:locale\" content=\"es_ES\" \/>\n\t\t<meta property=\"og:site_name\" content=\"Conway Oaks Dental - Experienced, highly-reviewed dentist near me for all your dental needs in Orlando, Florida. Contact Conway Oaks Dental at 407-277-0981 to schedule an appointment today!\" \/>\n\t\t<meta property=\"og:type\" content=\"article\" \/>\n\t\t<meta property=\"og:title\" content=\"InHouse Discount Plan - Conway Oaks Dental - Orlando Dentist Near You\" \/>\n\t\t<meta property=\"og:description\" content=\"No insurance? No problem! In-house dental discount plan in Orlando, Florida. Contact Conway Oaks Dental at 407-277-0981 to get help now!\" \/>\n\t\t<meta property=\"og:url\" content=\"https:\/\/conwayoaksdental.com\/es\/inhouse-discount-plan\/\" \/>\n\t\t<meta property=\"og:image\" content=\"https:\/\/conwayoaksdental.com\/wp-content\/uploads\/sites\/8\/2023\/11\/COD.jpg\" \/>\n\t\t<meta property=\"og:image:secure_url\" content=\"https:\/\/conwayoaksdental.com\/wp-content\/uploads\/sites\/8\/2023\/11\/COD.jpg\" \/>\n\t\t<meta property=\"og:image:width\" content=\"1200\" \/>\n\t\t<meta property=\"og:image:height\" content=\"630\" \/>\n\t\t<meta property=\"article:published_time\" content=\"2020-08-26T13:06:17+00:00\" \/>\n\t\t<meta property=\"article:modified_time\" content=\"2026-04-21T18:36:39+00:00\" \/>\n\t\t<meta name=\"twitter:card\" content=\"summary\" \/>\n\t\t<meta name=\"twitter:title\" content=\"InHouse Discount Plan - Conway Oaks Dental - Orlando Dentist Near You\" \/>\n\t\t<meta name=\"twitter:description\" content=\"No insurance? No problem! In-house dental discount plan in Orlando, Florida. Contact Conway Oaks Dental at 407-277-0981 to get help now!\" \/>\n\t\t<meta name=\"twitter:image\" content=\"https:\/\/conwayoaksdental.com\/wp-content\/uploads\/sites\/8\/2023\/11\/COD.jpg\" \/>\n\t\t<script type=\"application\/ld+json\" class=\"aioseo-schema\">\n\t\t\t{\"@context\":\"https:\\\/\\\/schema.org\",\"@graph\":[{\"@type\":\"BreadcrumbList\",\"@id\":\"https:\\\/\\\/conwayoaksdental.com\\\/es\\\/inhouse-discount-plan\\\/#breadcrumblist\",\"itemListElement\":[{\"@type\":\"ListItem\",\"@id\":\"https:\\\/\\\/conwayoaksdental.com\\\/es#listItem\",\"position\":1,\"name\":\"Home\",\"item\":\"https:\\\/\\\/conwayoaksdental.com\\\/es\",\"nextItem\":{\"@type\":\"ListItem\",\"@id\":\"https:\\\/\\\/conwayoaksdental.com\\\/es\\\/inhouse-discount-plan\\\/#listItem\",\"name\":\"InHouse Discount Plan\"}},{\"@type\":\"ListItem\",\"@id\":\"https:\\\/\\\/conwayoaksdental.com\\\/es\\\/inhouse-discount-plan\\\/#listItem\",\"position\":2,\"name\":\"InHouse Discount Plan\",\"previousItem\":{\"@type\":\"ListItem\",\"@id\":\"https:\\\/\\\/conwayoaksdental.com\\\/es#listItem\",\"name\":\"Home\"}}]},{\"@type\":\"Organization\",\"@id\":\"https:\\\/\\\/conwayoaksdental.com\\\/es\\\/#organization\",\"name\":\"Conway Oaks Dental\",\"description\":\"Experienced, highly-reviewed dentist near me for all your dental needs in Orlando, Florida. Contact Conway Oaks Dental at 407-277-0981 to schedule an appointment today!\",\"url\":\"https:\\\/\\\/conwayoaksdental.com\\\/es\\\/\",\"email\":\"info@conwayoaksdental.com\",\"telephone\":\"+14072770981\",\"logo\":{\"@type\":\"ImageObject\",\"url\":\"https:\\\/\\\/master.operationdental.com\\\/wp-content\\\/uploads\\\/2021\\\/12\\\/conway_logo_750.png\",\"@id\":\"https:\\\/\\\/conwayoaksdental.com\\\/es\\\/inhouse-discount-plan\\\/#organizationLogo\"},\"image\":{\"@id\":\"https:\\\/\\\/conwayoaksdental.com\\\/es\\\/inhouse-discount-plan\\\/#organizationLogo\"},\"address\":{\"@id\":\"https:\\\/\\\/conwayoaksdental.com\\\/es\\\/#postaladdress\",\"@type\":\"PostalAddress\",\"streetAddress\":\"3221 S. Conway Road, Suite A & C,\",\"postalCode\":\"32812\",\"addressLocality\":\"Orlando\",\"addressRegion\":\"Florida\",\"addressCountry\":\"US\"}},{\"@type\":\"WebPage\",\"@id\":\"https:\\\/\\\/conwayoaksdental.com\\\/es\\\/inhouse-discount-plan\\\/#webpage\",\"url\":\"https:\\\/\\\/conwayoaksdental.com\\\/es\\\/inhouse-discount-plan\\\/\",\"name\":\"InHouse Discount Plan - Conway Oaks Dental - Orlando Dentist Near You\",\"description\":\"No insurance? No problem! In-house dental discount plan in Orlando, Florida. Contact Conway Oaks Dental at 407-277-0981 to get help now!\",\"inLanguage\":\"es-ES\",\"isPartOf\":{\"@id\":\"https:\\\/\\\/conwayoaksdental.com\\\/es\\\/#website\"},\"breadcrumb\":{\"@id\":\"https:\\\/\\\/conwayoaksdental.com\\\/es\\\/inhouse-discount-plan\\\/#breadcrumblist\"},\"datePublished\":\"2020-08-26T13:06:17-04:00\",\"dateModified\":\"2026-04-21T14:36:39-04:00\"},{\"@type\":\"WebSite\",\"@id\":\"https:\\\/\\\/conwayoaksdental.com\\\/es\\\/#website\",\"url\":\"https:\\\/\\\/conwayoaksdental.com\\\/es\\\/\",\"name\":\"Conway Oaks Dental\",\"description\":\"Experienced, highly-reviewed dentist near me for all your dental needs in Orlando, Florida. Contact Conway Oaks Dental at 407-277-0981 to schedule an appointment today!\",\"inLanguage\":\"es-ES\",\"publisher\":{\"@id\":\"https:\\\/\\\/conwayoaksdental.com\\\/es\\\/#organization\"}}]}\n\t\t<\/script>\n\t\t<!-- All in One SEO Pro -->\r\n\t\t<title>InHouse Discount Plan - Conway Oaks Dental - Orlando Dentist Near You<\/title>\n\n","aioseo_head_json":{"title":"Plan de descuento interno - Conway Oaks Dental - Dentista en Orlando cerca de usted","description":"\u00bfNo tiene seguro? No hay problema. Plan de descuento dental en Orlando, Florida. \u00a1P\u00f3ngase en contacto con Conway Oaks Dental en 407-277-0981 para obtener ayuda ahora!","canonical_url":"https:\/\/conwayoaksdental.com\/es\/inhouse-discount-plan\/","robots":"max-image-preview:large","keywords":"","webmasterTools":{"miscellaneous":""},"schema":{"@context":"https:\/\/schema.org","@graph":[{"@type":"BreadcrumbList","@id":"https:\/\/conwayoaksdental.com\/es\/inhouse-discount-plan\/#breadcrumblist","itemListElement":[{"@type":"ListItem","@id":"https:\/\/conwayoaksdental.com\/es#listItem","position":1,"name":"Home","item":"https:\/\/conwayoaksdental.com\/es","nextItem":{"@type":"ListItem","@id":"https:\/\/conwayoaksdental.com\/es\/inhouse-discount-plan\/#listItem","name":"InHouse Discount Plan"}},{"@type":"ListItem","@id":"https:\/\/conwayoaksdental.com\/es\/inhouse-discount-plan\/#listItem","position":2,"name":"InHouse Discount Plan","previousItem":{"@type":"ListItem","@id":"https:\/\/conwayoaksdental.com\/es#listItem","name":"Home"}}]},{"@type":"Organization","@id":"https:\/\/conwayoaksdental.com\/es\/#organization","name":"Conway Oaks Dental","description":"Experienced, highly-reviewed dentist near me for all your dental needs in Orlando, Florida. Contact Conway Oaks Dental at 407-277-0981 to schedule an appointment today!","url":"https:\/\/conwayoaksdental.com\/es\/","email":"info@conwayoaksdental.com","telephone":"+14072770981","logo":{"@type":"ImageObject","url":"https:\/\/master.operationdental.com\/wp-content\/uploads\/2021\/12\/conway_logo_750.png","@id":"https:\/\/conwayoaksdental.com\/es\/inhouse-discount-plan\/#organizationLogo"},"image":{"@id":"https:\/\/conwayoaksdental.com\/es\/inhouse-discount-plan\/#organizationLogo"},"address":{"@id":"https:\/\/conwayoaksdental.com\/es\/#postaladdress","@type":"PostalAddress","streetAddress":"3221 S. Conway Road, Suite A & C,","postalCode":"32812","addressLocality":"Orlando","addressRegion":"Florida","addressCountry":"US"}},{"@type":"WebPage","@id":"https:\/\/conwayoaksdental.com\/es\/inhouse-discount-plan\/#webpage","url":"https:\/\/conwayoaksdental.com\/es\/inhouse-discount-plan\/","name":"InHouse Discount Plan - Conway Oaks Dental - Orlando Dentist Near You","description":"No insurance? No problem! In-house dental discount plan in Orlando, Florida. Contact Conway Oaks Dental at 407-277-0981 to get help now!","inLanguage":"es-ES","isPartOf":{"@id":"https:\/\/conwayoaksdental.com\/es\/#website"},"breadcrumb":{"@id":"https:\/\/conwayoaksdental.com\/es\/inhouse-discount-plan\/#breadcrumblist"},"datePublished":"2020-08-26T13:06:17-04:00","dateModified":"2026-04-21T14:36:39-04:00"},{"@type":"WebSite","@id":"https:\/\/conwayoaksdental.com\/es\/#website","url":"https:\/\/conwayoaksdental.com\/es\/","name":"Conway Oaks Dental","description":"Experienced, highly-reviewed dentist near me for all your dental needs in Orlando, Florida. Contact Conway Oaks Dental at 407-277-0981 to schedule an appointment today!","inLanguage":"es-ES","publisher":{"@id":"https:\/\/conwayoaksdental.com\/es\/#organization"}}]},"og:locale":"es_ES","og:site_name":"Conway Oaks Dental - Experienced, highly-reviewed dentist near me for all your dental needs in Orlando, Florida. Contact Conway Oaks Dental at 407-277-0981 to schedule an appointment today!","og:type":"article","og:title":"InHouse Discount Plan - Conway Oaks Dental - Orlando Dentist Near You","og:description":"No insurance? No problem! In-house dental discount plan in Orlando, Florida. Contact Conway Oaks Dental at 407-277-0981 to get help now!","og:url":"https:\/\/conwayoaksdental.com\/es\/inhouse-discount-plan\/","og:image":"https:\/\/conwayoaksdental.com\/wp-content\/uploads\/sites\/8\/2023\/11\/COD.jpg","og:image:secure_url":"https:\/\/conwayoaksdental.com\/wp-content\/uploads\/sites\/8\/2023\/11\/COD.jpg","og:image:width":1200,"og:image:height":630,"article:published_time":"2020-08-26T13:06:17+00:00","article:modified_time":"2026-04-21T18:36:39+00:00","twitter:card":"summary","twitter:title":"InHouse Discount Plan - Conway Oaks Dental - Orlando Dentist Near You","twitter:description":"No insurance? No problem! In-house dental discount plan in Orlando, Florida. Contact Conway Oaks Dental at 407-277-0981 to get help now!","twitter:image":"https:\/\/conwayoaksdental.com\/wp-content\/uploads\/sites\/8\/2023\/11\/COD.jpg"},"aioseo_meta_data":{"post_id":"11322","title":null,"description":null,"keywords":null,"keyphrases":null,"primary_term":null,"canonical_url":null,"og_title":null,"og_description":null,"og_object_type":"default","og_image_type":"default","og_image_url":null,"og_image_width":null,"og_image_height":null,"og_image_custom_url":null,"og_image_custom_fields":null,"og_video":null,"og_custom_url":null,"og_article_section":null,"og_article_tags":null,"twitter_use_og":false,"twitter_card":"default","twitter_image_type":"default","twitter_image_url":null,"twitter_image_custom_url":null,"twitter_image_custom_fields":null,"twitter_title":null,"twitter_description":null,"schema":{"blockGraphs":[],"customGraphs":[],"default":{"data":{"Article":[],"Course":[],"Dataset":[],"FAQPage":[],"Movie":[],"Person":[],"Product":[],"ProductReview":[],"Car":[],"Recipe":[],"Service":[],"SoftwareApplication":[],"WebPage":[]},"graphName":"","isEnabled":true},"graphs":[]},"schema_type":"default","schema_type_options":null,"pillar_content":false,"robots_default":true,"robots_noindex":false,"robots_noarchive":false,"robots_nosnippet":false,"robots_nofollow":false,"robots_noimageindex":false,"robots_noodp":false,"robots_notranslate":false,"robots_max_snippet":null,"robots_max_videopreview":null,"robots_max_imagepreview":"large","priority":null,"frequency":null,"local_seo":null,"seo_analyzer_scan_date":"2026-04-21 18:40:44","breadcrumb_settings":null,"limit_modified_date":false,"reviewed_by":null,"open_ai":null,"ai":null,"created":"2023-10-18 17:08:23","updated":"2026-04-21 19:14:42"},"aioseo_breadcrumb":"<div class=\"aioseo-breadcrumbs\"><span class=\"aioseo-breadcrumb\">\n\t<a href=\"https:\/\/conwayoaksdental.com\/es\" title=\"Home\">Home<\/a>\n<\/span><span class=\"aioseo-breadcrumb-separator\">\u00bb<\/span><span class=\"aioseo-breadcrumb\">\n\tInHouse Discount Plan\n<\/span><\/div>","aioseo_breadcrumb_json":[{"label":"Home","link":"https:\/\/conwayoaksdental.com\/es"},{"label":"InHouse Discount Plan","link":"https:\/\/conwayoaksdental.com\/es\/inhouse-discount-plan\/"}],"_links":{"self":[{"href":"https:\/\/conwayoaksdental.com\/es\/wp-json\/wp\/v2\/pages\/11322","targetHints":{"allow":["GET"]}}],"collection":[{"href":"https:\/\/conwayoaksdental.com\/es\/wp-json\/wp\/v2\/pages"}],"about":[{"href":"https:\/\/conwayoaksdental.com\/es\/wp-json\/wp\/v2\/types\/page"}],"author":[{"embeddable":true,"href":"https:\/\/conwayoaksdental.com\/es\/wp-json\/wp\/v2\/users\/2"}],"replies":[{"embeddable":true,"href":"https:\/\/conwayoaksdental.com\/es\/wp-json\/wp\/v2\/comments?post=11322"}],"version-history":[{"count":0,"href":"https:\/\/conwayoaksdental.com\/es\/wp-json\/wp\/v2\/pages\/11322\/revisions"}],"wp:attachment":[{"href":"https:\/\/conwayoaksdental.com\/es\/wp-json\/wp\/v2\/media?parent=11322"}],"curies":[{"name":"wp","href":"https:\/\/api.w.org\/{rel}","templated":true}]}}