{"id":11368,"date":"2023-06-20T19:38:19","date_gmt":"2023-06-20T19:38:19","guid":{"rendered":"https:\/\/conwayoaksdental.com\/unitedhealthcare-dental-insurance-plans\/"},"modified":"2026-04-22T09:24:04","modified_gmt":"2026-04-22T13:24:04","slug":"unitedhealthcare-dental-insurance-plans","status":"publish","type":"page","link":"https:\/\/conwayoaksdental.com\/es\/unitedhealthcare-dental-insurance-plans\/","title":{"rendered":"Planes de seguro dental de UnitedHealthcare"},"content":{"rendered":"<div id=\"cs-content\" class=\"cs-content\"><div class=\"x-section e11368-e1 m8rs-0 m8rs-1 m8rs-2 m8rs-5 hero_video\" style=\"--tco-dc8rs-1:rgb(0, 113, 149);--tco-dc8rs-4:rgb(0, 113, 149);\"><div class=\"x-bg\" aria-hidden=\"true\"><div class=\"x-bg-layer-lower-color\"><\/div><div class=\"x-bg-layer-upper-color\"><\/div><\/div><div class=\"x-row x-container max width e11368-e2 m8rs-6 m8rs-7 m8rs-8 m8rs-e m8rs-f\"><div class=\"x-row-inner\"><div class=\"x-col e11368-e3 m8rs-k m8rs-l m8rs-m m8rs-n m8rs-o\"><div class=\"x-div e11368-e4 m8rs-t\"><div class=\"x-text x-content e11368-e5 m8rs-u m8rs-v m8rs-w m8rs-x m8rs-y m8rs-z\"><p class=\"p9px txt_white\">Se Habla Espa\u00f1ol<\/p><\/div><div class=\"x-text x-content e11368-e6 m8rs-u m8rs-v m8rs-w m8rs-x m8rs-y m8rs-z\"><p class=\"p9px txt_white\">Citas de urgencia disponibles<\/p><\/div><\/div><div class=\"x-text x-content e11368-e7 m8rs-u m8rs-w m8rs-z m8rs-10\"><a class=\"x-image\" href=\"\/es\/homepage\/\" style=\"outline: none;\"><img sizes=\"(max-width: 960px) 100vw, 960px\" srcset=\"https:\/\/conwayoaksdental.com\/wp-content\/uploads\/sites\/8\/2025\/10\/GPI-0128-001_COD_White_960x227.png 960w, https:\/\/conwayoaksdental.com\/wp-content\/uploads\/sites\/8\/2025\/10\/GPI-0128-001_COD_White_960x227-300x71.png 300w, https:\/\/conwayoaksdental.com\/wp-content\/uploads\/sites\/8\/2025\/10\/GPI-0128-001_COD_White_960x227-768x182.png 768w, https:\/\/conwayoaksdental.com\/wp-content\/uploads\/sites\/8\/2025\/10\/GPI-0128-001_COD_White_960x227-18x4.png 18w, https:\/\/conwayoaksdental.com\/wp-content\/uploads\/sites\/8\/2025\/10\/GPI-0128-001_COD_White_960x227-100x24.png 100w\" decoding=\"async\" src=\"https:\/\/conwayoaksdental.com\/wp-content\/uploads\/sites\/8\/2025\/10\/GPI-0128-001_COD_White_960x227.png\" width=\"480\" height=\"114\" alt=\"Conway Oaks Dental Logo\" loading=\"lazy\"><\/a><\/div><\/div><\/div><\/div><div class=\"x-row x-container max width e11368-e8 m8rs-6 m8rs-8 m8rs-9 m8rs-e m8rs-g\"><div class=\"x-row-inner\"><div class=\"x-col e11368-e9 m8rs-k m8rs-m m8rs-n m8rs-o m8rs-p m8rs-q\"><div class=\"x-text x-content e11368-e10 m8rs-u m8rs-w m8rs-y m8rs-11 m8rs-12\"><h1 class=\"txt_white\">UnitedHealthcare<sup>\u00ae<\/sup> Planes de seguro<\/h1><\/div><div class=\"x-text x-content e11368-e11 m8rs-u m8rs-w m8rs-z m8rs-10\"><p class=\"pdefault\"><a href=\"\/es\/insurances-we-accept\/#od_insuranceblock\" class=\"txt_white\">Volver a la p\u00e1gina de seguros<\/a><\/p><\/div><\/div><\/div><\/div><\/div><div class=\"x-section e11368-e12 m8rs-0 m8rs-3\" style=\"--tco-dc8rs-6:rgba(234, 232, 224, .7);--tco-dc8rs-9:rgba(234, 232, 224, .7);\"><div class=\"x-row x-container max width e11368-e13 m8rs-6 m8rs-8 m8rs-a m8rs-b m8rs-e m8rs-h\" style=\"--tco-dc8rs-c:rgb(255, 255, 255);--tco-dc8rs-f:rgb(255, 255, 255);\"><div class=\"x-row-inner\"><div class=\"x-col e11368-e14 m8rs-k m8rs-l m8rs-o m8rs-r\"><div class=\"x-text x-content e11368-e15 m8rs-u m8rs-w m8rs-z m8rs-11 m8rs-13\"><h2>Conway Oaks Dental acepta los siguientes UnitedHealthcare<sup>\u00ae<\/sup> Planes de seguro<\/h2><\/div><div class=\"x-text x-content e11368-e16 m8rs-u m8rs-v m8rs-w m8rs-z m8rs-14 m8rs-15\"><ul>\r\n\t<li class=\"ins_li\">S\u00f3lo dentro de la red PPO - INO<\/li>\r\n\t<li class=\"ins_li\">National Options PPO 10 <\/li>\r\n\t<li class=\"ins_li\">National Options PPO 15<\/li>\r\n\t<li class=\"ins_li\">National Options PPO 20<\/li>\r\n\t<li class=\"ins_li\">National Options PPO 25<\/li>\r\n\t<li class=\"ins_li\">National Options PPO 30<\/li>\r\n\t<li class=\"ins_li\">PPO Red Nacional de Opciones<\/li>\r\n\t<li class=\"ins_li\">Red nacional Medicare Advantage<\/li>\r\n\t<li class=\"ins_li\">Red del plan de descuentos PPO<\/li>\r\n<\/ul><\/div><div class=\"x-text x-content e11368-e17 m8rs-u m8rs-v m8rs-w m8rs-z m8rs-14\"><p class=\"pdefault\"><b>Si no encuentra su seguro aqu\u00ed, por favor <a href=\"\/es\/contact-us\/\">Contacto<\/a> para ayudarle m\u00e1s.<\/b> <i>Tenga en cuenta que actualmente no aceptamos Medicaid ni planes HMO.<\/i><\/p><\/div><div class=\"x-text x-content e11368-e18 m8rs-u m8rs-v m8rs-w m8rs-z m8rs-14\"><p class=\"pdefault\"><a href=\"\/es\/insurances-we-accept\/#od_insuranceblock\" class=\"txt_under\">Volver a la p\u00e1gina de seguros<\/a><\/p><\/div><\/div><\/div><\/div><div class=\"x-row x-container max width e11368-e19 m8rs-6 m8rs-8 m8rs-a m8rs-c m8rs-e m8rs-i\" style=\"--tco-dc8rs-i:rgb(255, 255, 255);--tco-dc8rs-l:rgb(255, 255, 255);--tco-dc8rs-o:rgb(255, 255, 255);\"><div class=\"x-row-inner\"><div class=\"x-col e11368-e20 m8rs-o m8rs-s\"><div class=\"x-text x-content e11368-e21 m8rs-u m8rs-v m8rs-14 m8rs-16\"><p class=\"pdefault\">UnitedHealthcare proporciona acceso a una amplia red nacional de proveedores dise\u00f1ada para satisfacer sus necesidades de atenci\u00f3n odontol\u00f3gica: odontolog\u00eda general y pedi\u00e1trica, ortodoncia, periodoncia, endodoncia o cirug\u00eda oral, as\u00ed como teledontolog\u00eda las 24 horas del d\u00eda, los 7 d\u00edas de la semana, para necesidades urgentes, y funciones y recompensas de bienestar. Sus planes son personalizables para ajustarse a distintas necesidades y presupuestos, lo que permite a los particulares seleccionar la cobertura que m\u00e1s les convenga. Las prestaciones incluyen la cobertura 100% para cuidados preventivos, limpiezas adicionales y tratamientos no quir\u00fargicos de las enc\u00edas durante el embarazo y tres meses despu\u00e9s, as\u00ed como estrategias integradas de gesti\u00f3n sanitaria dise\u00f1adas para ayudar a sus empleados a retomar los cuidados preventivos o periodontales. Adem\u00e1s, sus herramientas y recursos en l\u00ednea de f\u00e1cil uso permiten a los particulares gestionar eficazmente su salud dental, con funciones como la presentaci\u00f3n de reclamaciones y el acceso a informaci\u00f3n dental personalizada.<\/p>\n<p class=\"pdefault\">Para m\u00e1s informaci\u00f3n, <a href=\"https:\/\/www.uhc.com\/\" target=\"_new\">haga clic aqu\u00ed para visitar su sitio web.<\/a><\/p><\/div><\/div><div class=\"x-col e11368-e22 m8rs-k m8rs-m m8rs-o m8rs-p\"><span class=\"x-image e11368-e23 m8rs-17\"><img decoding=\"async\" src=\"https:\/\/conwayoaksdental.com\/wp-content\/uploads\/sites\/8\/2020\/08\/united.jpg\" srcset=\"https:\/\/conwayoaksdental.com\/wp-content\/uploads\/sites\/8\/2020\/08\/united.jpg 318w, https:\/\/conwayoaksdental.com\/wp-content\/uploads\/sites\/8\/2020\/08\/united-300x94.jpg 300w, https:\/\/conwayoaksdental.com\/wp-content\/uploads\/sites\/8\/2020\/08\/united-18x6.jpg 18w, https:\/\/conwayoaksdental.com\/wp-content\/uploads\/sites\/8\/2020\/08\/united-100x31.jpg 100w\" sizes=\"(max-width: 318px) 100vw, 318px\" alt=\"UnitedHealthcare logo with a stylized blue shield graphic on the left and the words United Healthcare in bold blue text on the right.\"><\/span><\/div><\/div><\/div><\/div><div class=\"x-section e11368-e24 m8rs-0 m8rs-1 m8rs-4\"><div class=\"x-row e11368-e25 m8rs-6 m8rs-d m8rs-e m8rs-j\"><div class=\"x-row-inner\"><div class=\"x-col e11368-e26 m8rs-o\"><div class=\"cs-content x-global-block x-global-block-11380 e11380-e0\"><div class=\"x-section e11380-e2 m8s4-0\" style=\"--tco-dc8s4-1:rgb(255, 255, 255);--tco-dc8s4-4:rgb(255, 255, 255);\"><div class=\"x-row x-container max width e11380-e3 m8s4-1 m8s4-2 m8s4-3\"><div class=\"x-row-inner\"><div class=\"x-col e11380-e4 m8s4-5 m8s4-6 m8s4-7\"><div class=\"x-text x-content e11380-e5 m8s4-a m8s4-b\"><h2>Opciones de pago flexibles<\/h2>\n<h3>Para una atenci\u00f3n dental de alta calidad en Orlando<\/h3><\/div><div class=\"x-text x-content e11380-e6 m8s4-a m8s4-c\"><p class=\"pdefault\">Para su comodidad, Conway Oaks Dental acepta:<\/p>\n\n<ul>\n \t<li class=\"pdefault\">Una amplia gama de planes de seguro dental PPO -<span>\u00a0<\/span><a href=\"\/es\/insurances-we-accept\/\" target=\"_self\"><b>pulse aqu\u00ed<\/b> para ver qu\u00e9 seguros aceptamos<\/a><\/li>\n \t<li class=\"pdefault\">Plan interno de descuentos y ofertas especiales para pacientes sin seguro m\u00e9dico<\/li>\n \t<li class=\"pdefault\">Efectivo y cheque<\/li>\n \t<li class=\"pdefault\">Todas las principales tarjetas de cr\u00e9dito, incluidas MasterCard, VISA, Discover, American Express, etc.<\/li>\n<\/ul>\n<p class=\"pdefault\"><b>NO aceptamos planes HMO ni Medicaid.<\/b><\/p><\/div><\/div><div class=\"x-col e11380-e7 m8s4-5 m8s4-8 m8s4-9\"><a class=\"x-image e11380-e8 m8s4-e\" href=\"https:\/\/apply.sunbit.com\/ConwayOaksDental\" target=\"_blank\" rel=\"noopener noreferrer\"><img decoding=\"async\" src=\"https:\/\/conwayoaksdental.com\/wp-content\/uploads\/sites\/8\/2025\/11\/Dntl_Web_600x500-1.png\" srcset=\"https:\/\/conwayoaksdental.com\/wp-content\/uploads\/sites\/8\/2025\/11\/Dntl_Web_600x500-1.png 600w, https:\/\/conwayoaksdental.com\/wp-content\/uploads\/sites\/8\/2025\/11\/Dntl_Web_600x500-1-300x250.png 300w, https:\/\/conwayoaksdental.com\/wp-content\/uploads\/sites\/8\/2025\/11\/Dntl_Web_600x500-1-14x12.png 14w, https:\/\/conwayoaksdental.com\/wp-content\/uploads\/sites\/8\/2025\/11\/Dntl_Web_600x500-1-100x83.png 100w\" sizes=\"(max-width: 600px) 100vw, 600px\" alt=\"Smile now, Pay-over-time with sunbit\"><\/a><\/div><\/div><\/div><\/div><\/div><\/div><\/div><\/div><\/div><\/div>","protected":false},"excerpt":{"rendered":"<p>Los planes de seguro Conway Oaks Dental acepta. \u00a1Llame al 407-277-0981 hoy para programar su cita con nuestros dentistas cualificados y de confianza!<\/p>","protected":false},"author":1,"featured_media":0,"parent":0,"menu_order":0,"comment_status":"closed","ping_status":"closed","template":"template-blank-4.php","meta":{"footnotes":""},"class_list":["post-11368","page","type-page","status-publish","hentry","no-post-thumbnail"],"aioseo_notices":[],"aioseo_head":"\n\t\t<!-- All in One SEO Pro 4.9.5.1 - aioseo.com -->\n\t<meta name=\"description\" content=\"The insurance plans Conway Oaks Dental accepts. Call 407-277-0981 today to schedule your appointment with our skilled and trusted dentists!\" \/>\n\t<meta name=\"robots\" content=\"max-image-preview:large\" \/>\n\t<link rel=\"canonical\" href=\"https:\/\/conwayoaksdental.com\/es\/unitedhealthcare-dental-insurance-plans\/\" \/>\n\t<meta name=\"generator\" content=\"All in One SEO Pro (AIOSEO) 4.9.5.1\" \/>\n\t\t<meta property=\"og:locale\" content=\"es_ES\" \/>\n\t\t<meta property=\"og:site_name\" content=\"Conway Oaks Dental - Experienced, highly-reviewed dentist near me for all your dental needs in Orlando, Florida. Contact Conway Oaks Dental at 407-277-0981 to schedule an appointment today!\" \/>\n\t\t<meta property=\"og:type\" content=\"article\" \/>\n\t\t<meta property=\"og:title\" content=\"UnitedHealthcare Dental Insurance Plans - Conway Oaks Dental - Orlando Dentist Near You\" \/>\n\t\t<meta property=\"og:description\" content=\"The insurance plans Conway Oaks Dental accepts. Call 407-277-0981 today to schedule your appointment with our skilled and trusted dentists!\" \/>\n\t\t<meta property=\"og:url\" content=\"https:\/\/conwayoaksdental.com\/es\/unitedhealthcare-dental-insurance-plans\/\" \/>\n\t\t<meta property=\"og:image\" content=\"https:\/\/conwayoaksdental.com\/wp-content\/uploads\/sites\/8\/2023\/11\/COD.jpg\" \/>\n\t\t<meta property=\"og:image:secure_url\" content=\"https:\/\/conwayoaksdental.com\/wp-content\/uploads\/sites\/8\/2023\/11\/COD.jpg\" \/>\n\t\t<meta property=\"og:image:width\" content=\"1200\" \/>\n\t\t<meta property=\"og:image:height\" content=\"630\" \/>\n\t\t<meta property=\"article:published_time\" content=\"2023-06-20T19:38:19+00:00\" \/>\n\t\t<meta property=\"article:modified_time\" content=\"2026-04-22T13:24:04+00:00\" \/>\n\t\t<meta name=\"twitter:card\" content=\"summary\" \/>\n\t\t<meta name=\"twitter:title\" content=\"UnitedHealthcare Dental Insurance Plans - Conway Oaks Dental - Orlando Dentist Near You\" \/>\n\t\t<meta name=\"twitter:description\" content=\"The insurance plans Conway Oaks Dental accepts. Call 407-277-0981 today to schedule your appointment with our skilled and trusted dentists!\" \/>\n\t\t<meta name=\"twitter:image\" content=\"https:\/\/conwayoaksdental.com\/wp-content\/uploads\/sites\/8\/2023\/11\/COD.jpg\" \/>\n\t\t<script type=\"application\/ld+json\" class=\"aioseo-schema\">\n\t\t\t{\"@context\":\"https:\\\/\\\/schema.org\",\"@graph\":[{\"@type\":\"BreadcrumbList\",\"@id\":\"https:\\\/\\\/conwayoaksdental.com\\\/es\\\/unitedhealthcare-dental-insurance-plans\\\/#breadcrumblist\",\"itemListElement\":[{\"@type\":\"ListItem\",\"@id\":\"https:\\\/\\\/conwayoaksdental.com\\\/es#listItem\",\"position\":1,\"name\":\"Home\",\"item\":\"https:\\\/\\\/conwayoaksdental.com\\\/es\",\"nextItem\":{\"@type\":\"ListItem\",\"@id\":\"https:\\\/\\\/conwayoaksdental.com\\\/es\\\/unitedhealthcare-dental-insurance-plans\\\/#listItem\",\"name\":\"UnitedHealthcare Dental Insurance Plans\"}},{\"@type\":\"ListItem\",\"@id\":\"https:\\\/\\\/conwayoaksdental.com\\\/es\\\/unitedhealthcare-dental-insurance-plans\\\/#listItem\",\"position\":2,\"name\":\"UnitedHealthcare Dental Insurance Plans\",\"previousItem\":{\"@type\":\"ListItem\",\"@id\":\"https:\\\/\\\/conwayoaksdental.com\\\/es#listItem\",\"name\":\"Home\"}}]},{\"@type\":\"Organization\",\"@id\":\"https:\\\/\\\/conwayoaksdental.com\\\/es\\\/#organization\",\"name\":\"Conway Oaks Dental\",\"description\":\"Experienced, highly-reviewed dentist near me for all your dental needs in Orlando, Florida. Contact Conway Oaks Dental at 407-277-0981 to schedule an appointment today!\",\"url\":\"https:\\\/\\\/conwayoaksdental.com\\\/es\\\/\",\"email\":\"info@conwayoaksdental.com\",\"telephone\":\"+14072770981\",\"logo\":{\"@type\":\"ImageObject\",\"url\":\"https:\\\/\\\/master.operationdental.com\\\/wp-content\\\/uploads\\\/2021\\\/12\\\/conway_logo_750.png\",\"@id\":\"https:\\\/\\\/conwayoaksdental.com\\\/es\\\/unitedhealthcare-dental-insurance-plans\\\/#organizationLogo\"},\"image\":{\"@id\":\"https:\\\/\\\/conwayoaksdental.com\\\/es\\\/unitedhealthcare-dental-insurance-plans\\\/#organizationLogo\"},\"address\":{\"@id\":\"https:\\\/\\\/conwayoaksdental.com\\\/es\\\/#postaladdress\",\"@type\":\"PostalAddress\",\"streetAddress\":\"3221 S. Conway Road, Suite A & C,\",\"postalCode\":\"32812\",\"addressLocality\":\"Orlando\",\"addressRegion\":\"Florida\",\"addressCountry\":\"US\"}},{\"@type\":\"WebPage\",\"@id\":\"https:\\\/\\\/conwayoaksdental.com\\\/es\\\/unitedhealthcare-dental-insurance-plans\\\/#webpage\",\"url\":\"https:\\\/\\\/conwayoaksdental.com\\\/es\\\/unitedhealthcare-dental-insurance-plans\\\/\",\"name\":\"UnitedHealthcare Dental Insurance Plans - Conway Oaks Dental - Orlando Dentist Near You\",\"description\":\"The insurance plans Conway Oaks Dental accepts. Call 407-277-0981 today to schedule your appointment with our skilled and trusted dentists!\",\"inLanguage\":\"es-ES\",\"isPartOf\":{\"@id\":\"https:\\\/\\\/conwayoaksdental.com\\\/es\\\/#website\"},\"breadcrumb\":{\"@id\":\"https:\\\/\\\/conwayoaksdental.com\\\/es\\\/unitedhealthcare-dental-insurance-plans\\\/#breadcrumblist\"},\"datePublished\":\"2023-06-20T19:38:19-04:00\",\"dateModified\":\"2026-04-22T09:24:04-04:00\"},{\"@type\":\"WebSite\",\"@id\":\"https:\\\/\\\/conwayoaksdental.com\\\/es\\\/#website\",\"url\":\"https:\\\/\\\/conwayoaksdental.com\\\/es\\\/\",\"name\":\"Conway Oaks Dental\",\"description\":\"Experienced, highly-reviewed dentist near me for all your dental needs in Orlando, Florida. Contact Conway Oaks Dental at 407-277-0981 to schedule an appointment today!\",\"inLanguage\":\"es-ES\",\"publisher\":{\"@id\":\"https:\\\/\\\/conwayoaksdental.com\\\/es\\\/#organization\"}}]}\n\t\t<\/script>\n\t\t<!-- All in One SEO Pro -->\r\n\t\t<title>UnitedHealthcare Dental Insurance Plans - Conway Oaks Dental - Orlando Dentist Near You<\/title>\n\n","aioseo_head_json":{"title":"Planes de seguro dental de UnitedHealthcare - Conway Oaks Dental - Dentista en Orlando cerca de usted","description":"Los planes de seguro Conway Oaks Dental acepta. \u00a1Llame al 407-277-0981 hoy para programar su cita con nuestros dentistas cualificados y de confianza!","canonical_url":"https:\/\/conwayoaksdental.com\/es\/unitedhealthcare-dental-insurance-plans\/","robots":"max-image-preview:large","keywords":"","webmasterTools":{"miscellaneous":""},"schema":{"@context":"https:\/\/schema.org","@graph":[{"@type":"BreadcrumbList","@id":"https:\/\/conwayoaksdental.com\/es\/unitedhealthcare-dental-insurance-plans\/#breadcrumblist","itemListElement":[{"@type":"ListItem","@id":"https:\/\/conwayoaksdental.com\/es#listItem","position":1,"name":"Home","item":"https:\/\/conwayoaksdental.com\/es","nextItem":{"@type":"ListItem","@id":"https:\/\/conwayoaksdental.com\/es\/unitedhealthcare-dental-insurance-plans\/#listItem","name":"UnitedHealthcare Dental Insurance Plans"}},{"@type":"ListItem","@id":"https:\/\/conwayoaksdental.com\/es\/unitedhealthcare-dental-insurance-plans\/#listItem","position":2,"name":"UnitedHealthcare Dental Insurance Plans","previousItem":{"@type":"ListItem","@id":"https:\/\/conwayoaksdental.com\/es#listItem","name":"Home"}}]},{"@type":"Organization","@id":"https:\/\/conwayoaksdental.com\/es\/#organization","name":"Conway Oaks Dental","description":"Experienced, highly-reviewed dentist near me for all your dental needs in Orlando, Florida. Contact Conway Oaks Dental at 407-277-0981 to schedule an appointment today!","url":"https:\/\/conwayoaksdental.com\/es\/","email":"info@conwayoaksdental.com","telephone":"+14072770981","logo":{"@type":"ImageObject","url":"https:\/\/master.operationdental.com\/wp-content\/uploads\/2021\/12\/conway_logo_750.png","@id":"https:\/\/conwayoaksdental.com\/es\/unitedhealthcare-dental-insurance-plans\/#organizationLogo"},"image":{"@id":"https:\/\/conwayoaksdental.com\/es\/unitedhealthcare-dental-insurance-plans\/#organizationLogo"},"address":{"@id":"https:\/\/conwayoaksdental.com\/es\/#postaladdress","@type":"PostalAddress","streetAddress":"3221 S. Conway Road, Suite A & C,","postalCode":"32812","addressLocality":"Orlando","addressRegion":"Florida","addressCountry":"US"}},{"@type":"WebPage","@id":"https:\/\/conwayoaksdental.com\/es\/unitedhealthcare-dental-insurance-plans\/#webpage","url":"https:\/\/conwayoaksdental.com\/es\/unitedhealthcare-dental-insurance-plans\/","name":"UnitedHealthcare Dental Insurance Plans - Conway Oaks Dental - Orlando Dentist Near You","description":"The insurance plans Conway Oaks Dental accepts. Call 407-277-0981 today to schedule your appointment with our skilled and trusted dentists!","inLanguage":"es-ES","isPartOf":{"@id":"https:\/\/conwayoaksdental.com\/es\/#website"},"breadcrumb":{"@id":"https:\/\/conwayoaksdental.com\/es\/unitedhealthcare-dental-insurance-plans\/#breadcrumblist"},"datePublished":"2023-06-20T19:38:19-04:00","dateModified":"2026-04-22T09:24:04-04:00"},{"@type":"WebSite","@id":"https:\/\/conwayoaksdental.com\/es\/#website","url":"https:\/\/conwayoaksdental.com\/es\/","name":"Conway Oaks Dental","description":"Experienced, highly-reviewed dentist near me for all your dental needs in Orlando, Florida. Contact Conway Oaks Dental at 407-277-0981 to schedule an appointment today!","inLanguage":"es-ES","publisher":{"@id":"https:\/\/conwayoaksdental.com\/es\/#organization"}}]},"og:locale":"es_ES","og:site_name":"Conway Oaks Dental - Experienced, highly-reviewed dentist near me for all your dental needs in Orlando, Florida. Contact Conway Oaks Dental at 407-277-0981 to schedule an appointment today!","og:type":"article","og:title":"UnitedHealthcare Dental Insurance Plans - Conway Oaks Dental - Orlando Dentist Near You","og:description":"The insurance plans Conway Oaks Dental accepts. Call 407-277-0981 today to schedule your appointment with our skilled and trusted dentists!","og:url":"https:\/\/conwayoaksdental.com\/es\/unitedhealthcare-dental-insurance-plans\/","og:image":"https:\/\/conwayoaksdental.com\/wp-content\/uploads\/sites\/8\/2023\/11\/COD.jpg","og:image:secure_url":"https:\/\/conwayoaksdental.com\/wp-content\/uploads\/sites\/8\/2023\/11\/COD.jpg","og:image:width":1200,"og:image:height":630,"article:published_time":"2023-06-20T19:38:19+00:00","article:modified_time":"2026-04-22T13:24:04+00:00","twitter:card":"summary","twitter:title":"UnitedHealthcare Dental Insurance Plans - Conway Oaks Dental - Orlando Dentist Near You","twitter:description":"The insurance plans Conway Oaks Dental accepts. Call 407-277-0981 today to schedule your appointment with our skilled and trusted dentists!","twitter:image":"https:\/\/conwayoaksdental.com\/wp-content\/uploads\/sites\/8\/2023\/11\/COD.jpg"},"aioseo_meta_data":{"post_id":"11368","title":null,"description":null,"keywords":null,"keyphrases":null,"primary_term":null,"canonical_url":null,"og_title":null,"og_description":null,"og_object_type":"default","og_image_type":"default","og_image_url":null,"og_image_width":null,"og_image_height":null,"og_image_custom_url":null,"og_image_custom_fields":null,"og_video":null,"og_custom_url":null,"og_article_section":null,"og_article_tags":null,"twitter_use_og":false,"twitter_card":"default","twitter_image_type":"default","twitter_image_url":null,"twitter_image_custom_url":null,"twitter_image_custom_fields":null,"twitter_title":null,"twitter_description":null,"schema":{"blockGraphs":[],"customGraphs":[],"default":{"data":{"Article":[],"Course":[],"Dataset":[],"FAQPage":[],"Movie":[],"Person":[],"Product":[],"ProductReview":[],"Car":[],"Recipe":[],"Service":[],"SoftwareApplication":[],"WebPage":[]},"graphName":"","isEnabled":true},"graphs":[]},"schema_type":"default","schema_type_options":null,"pillar_content":false,"robots_default":true,"robots_noindex":false,"robots_noarchive":false,"robots_nosnippet":false,"robots_nofollow":false,"robots_noimageindex":false,"robots_noodp":false,"robots_notranslate":false,"robots_max_snippet":null,"robots_max_videopreview":null,"robots_max_imagepreview":"large","priority":null,"frequency":null,"local_seo":null,"seo_analyzer_scan_date":"2026-04-22 13:45:24","breadcrumb_settings":null,"limit_modified_date":false,"reviewed_by":null,"open_ai":null,"ai":null,"created":"2023-10-18 17:13:29","updated":"2026-04-22 13:45:26"},"aioseo_breadcrumb":"<div class=\"aioseo-breadcrumbs\"><span class=\"aioseo-breadcrumb\">\n\t<a href=\"https:\/\/conwayoaksdental.com\/es\" title=\"Home\">Home<\/a>\n<\/span><span class=\"aioseo-breadcrumb-separator\">\u00bb<\/span><span class=\"aioseo-breadcrumb\">\n\tUnitedHealthcare Dental Insurance Plans\n<\/span><\/div>","aioseo_breadcrumb_json":[{"label":"Home","link":"https:\/\/conwayoaksdental.com\/es"},{"label":"UnitedHealthcare Dental Insurance Plans","link":"https:\/\/conwayoaksdental.com\/es\/unitedhealthcare-dental-insurance-plans\/"}],"_links":{"self":[{"href":"https:\/\/conwayoaksdental.com\/es\/wp-json\/wp\/v2\/pages\/11368","targetHints":{"allow":["GET"]}}],"collection":[{"href":"https:\/\/conwayoaksdental.com\/es\/wp-json\/wp\/v2\/pages"}],"about":[{"href":"https:\/\/conwayoaksdental.com\/es\/wp-json\/wp\/v2\/types\/page"}],"author":[{"embeddable":true,"href":"https:\/\/conwayoaksdental.com\/es\/wp-json\/wp\/v2\/users\/1"}],"replies":[{"embeddable":true,"href":"https:\/\/conwayoaksdental.com\/es\/wp-json\/wp\/v2\/comments?post=11368"}],"version-history":[{"count":2,"href":"https:\/\/conwayoaksdental.com\/es\/wp-json\/wp\/v2\/pages\/11368\/revisions"}],"predecessor-version":[{"id":12228,"href":"https:\/\/conwayoaksdental.com\/es\/wp-json\/wp\/v2\/pages\/11368\/revisions\/12228"}],"wp:attachment":[{"href":"https:\/\/conwayoaksdental.com\/es\/wp-json\/wp\/v2\/media?parent=11368"}],"curies":[{"name":"wp","href":"https:\/\/api.w.org\/{rel}","templated":true}]}}